{"id":74,"date":"2018-02-07T13:46:07","date_gmt":"2018-02-07T13:46:07","guid":{"rendered":"https:\/\/demo-content.kaliumtheme.com\/hotel\/?page_id=74"},"modified":"2023-08-22T07:29:07","modified_gmt":"2023-08-22T07:29:07","slug":"contact-life-ceramica-azulejos-pequeno-formato","status":"publish","type":"page","link":"https:\/\/www.lifeceramica.com\/es_es\/contacto-life-ceramica-azulejos-pequeno-formato\/","title":{"rendered":"Contacto"},"content":{"rendered":"<div class=\"wpb-content-wrapper\"><div class=\"vc-row-container container\"><div data-vc-full-width=\"true\" data-vc-full-width-temp=\"true\" data-vc-full-width-init=\"false\" class=\"vc_row wpb_row vc_row-fluid wpb_animate_when_almost_visible wpb_fadeIn fadeIn vc_custom_1594990944043 vc_row-has-fill row-stretch\"><div class=\"wpb_column vc_column_container vc_col-sm-12\"><div class=\"vc_column-inner\"><div class=\"wpb_wrapper\"><div class=\"vc_empty_space\"   style=\"height: 300px\"><span class=\"vc_empty_space_inner\"><\/span><\/div><h1 style=\"text-align: center\" class=\"vc_custom_heading vc_do_custom_heading h1-title vc_custom_1595316547440\" >\u00bfEn qu\u00e9 podemos ayudarte?<\/h1>\n\t<div class=\"wpb_text_column wpb_content_element post-formatting \" >\n\t\t<div class=\"wpb_wrapper\">\n\t\t\t<p style=\"text-align: center;\">Contacta con nuestro equipo si quieres m\u00e1s informaci\u00f3n sobre nuestras colecciones cer\u00e1micas, necesitas asesoramiento o te interesa conocer d\u00f3nde puedes adquirir nuestros Pavimentos y Revestimientos.<br \/>\nEstaremos encantados de hablar contigo.<\/p>\n\n\t\t<\/div>\n\t<\/div>\n<\/div><\/div><\/div><\/div><div class=\"vc_row-full-width vc_clearfix\"><\/div><\/div><div class=\"vc-row-container container\"><div class=\"vc_row wpb_row vc_row-fluid vc_row-o-content-middle vc_row-flex\"><div class=\"contact-address wpb_animate_when_almost_visible wpb_right-to-left right-to-left wpb_column vc_column_container vc_col-sm-4 vc_col-has-fill\"><div class=\"vc_column-inner vc_custom_1594990345716\"><div class=\"wpb_wrapper\"><h2 style=\"text-align: left\" class=\"vc_custom_heading vc_do_custom_heading\" >Life Cer\u00e1mica<\/h2>\n\t<div class=\"wpb_text_column wpb_content_element post-formatting \" >\n\t\t<div class=\"wpb_wrapper\">\n\t\t\t<p>Life Cer\u00e1mica By Santarela<br \/>\nPartida Santa s\/n<br \/>\n12110, Alcora (Castell\u00f3n) \u2014 Espa\u00f1a<\/p>\n\n\t\t<\/div>\n\t<\/div>\n\n\t<div class=\"wpb_text_column wpb_content_element post-formatting \" >\n\t\t<div class=\"wpb_wrapper\">\n\t\t\t<p>Escr\u00edbenos un correo electr\u00f3nico o cont\u00e1ctanos directamente por tel\u00e9fono. \u00a1Estaremos encantados de atenderte!<\/p>\n\n\t\t<\/div>\n\t<\/div>\n<\/div><\/div><\/div><div class=\"wpb_column vc_column_container vc_col-sm-8\"><div class=\"vc_column-inner\"><div class=\"wpb_wrapper\"><div class=\"wpb_gmaps_widget wpb_content_element\"><div class=\"wpb_wrapper\"><div class=\"wpb_map_wraper\"><iframe src=\"https:\/\/www.google.com\/maps\/embed?pb=!1m14!1m8!1m3!1d12213.874717841098!2d-0.1852471!3d40.0649566!3m2!1i1024!2i768!4f13.1!3m3!1m2!1s0x0%3A0x448db7ca16a5cb36!2sCer%C3%A1mica%20Santarela!5e0!3m2!1ses!2ses!4v1637330530766!5m2!1ses!2ses\" width=\"600\" height=\"450\" style=\"border:0;\" allowfullscreen=\"\" loading=\"lazy\"><\/iframe><\/div><\/div><\/div><\/div><\/div><\/div><\/div><\/div><div class=\"vc-row-container container parent--contact-address-row\"><div class=\"vc_row wpb_row vc_row-fluid contact-address-row\"><div class=\"contact-address-small-box wpb_animate_when_almost_visible wpb_bottom-to-top bottom-to-top wpb_column vc_column_container vc_col-sm-6\"><div class=\"vc_column-inner\"><div class=\"wpb_wrapper\"><h3 style=\"text-align: left\" class=\"vc_custom_heading vc_do_custom_heading\" >Pol\u00edtica de Privacidad<\/h3>\n\t<div class=\"wpb_text_column wpb_content_element vc_custom_1595317034021 post-formatting \" >\n\t\t<div class=\"wpb_wrapper\">\n\t\t\t<p>Los datos personales facilitados voluntariamente por usted, a trav\u00e9s del presente formulario web ser\u00e1n tratados, por Life Cer\u00e1mica By Santarela, S.L. como responsable del tratamiento, con la finalidad de atender su solicitud, consulta, queja o sugerencia, sin que se produzca comunicaciones o cesiones de datos y conservados durante los plazos necesarios para atender su solicitud.Puede usted ejercer los derechos de acceso, rectificaci\u00f3n o supresi\u00f3n de sus datos, dirigi\u00e9ndose a Partida Santa s\/n, 12110, Alcora (Castell\u00f3n) \u2014 Espa\u00f1a, para m\u00e1s informaci\u00f3n al respecto, puede consultar nuestra <a href=\"\/politica-de-privacidad\/\">Pol\u00edtica de Privacidad<\/a>.<\/p>\n\n\t\t<\/div>\n\t<\/div>\n<\/div><\/div><\/div><div class=\"contact-address-small-box wpb_animate_when_almost_visible wpb_bottom-to-top bottom-to-top wpb_column vc_column_container vc_col-sm-3\"><div class=\"vc_column-inner\"><div class=\"wpb_wrapper\"><div class=\"section-title  title-stylized\">\n    <H4>Direcci\u00f3n<\/H4>\n<\/div>\n\t<div class=\"wpb_text_column wpb_content_element post-formatting \" >\n\t\t<div class=\"wpb_wrapper\">\n\t\t\t<p>Life Cer\u00e1mica By Santarela<br \/>\nPartida Santa s\/n<br \/>\n12110, Alcora (Castell\u00f3n) \u2014 Espa\u00f1a<\/p>\n\n\t\t<\/div>\n\t<\/div>\n<\/div><\/div><\/div><div class=\"contact-address-small-box wpb_animate_when_almost_visible wpb_bottom-to-top bottom-to-top wpb_column vc_column_container vc_col-sm-3\"><div class=\"vc_column-inner\"><div class=\"wpb_wrapper\"><div class=\"section-title  title-stylized\">\n    <H4>Contact<\/H4>\n<\/div>\n\t<div class=\"wpb_text_column wpb_content_element wpb_animate_when_almost_visible wpb_bottom-to-top bottom-to-top post-formatting \" >\n\t\t<div class=\"wpb_wrapper\">\n\t\t\t<p><strong>TEL:<\/strong> <a href=\"tel:+34-964-362022\">+34 964 362022<\/a><\/p>\n<p><strong>E-MAIL: <\/strong>lifeceramica@lifeceramica.com<\/p>\n<p><strong>Export manager:<\/strong> estela@lifeceramica.com<\/p>\n\n\t\t<\/div>\n\t<\/div>\n<\/div><\/div><\/div><\/div><\/div><div class=\"vc-row-container container\"><div class=\"vc_row wpb_row vc_row-fluid\"><div class=\"wpb_column vc_column_container vc_col-sm-12\"><div class=\"vc_column-inner\"><div class=\"wpb_wrapper\"><\/div><\/div><\/div><\/div><\/div>\n<\/div>","protected":false},"excerpt":{"rendered":"\u00bfEn qu\u00e9 podemos ayudarte? Contacta con nuestro equipo si quieres m\u00e1s informaci\u00f3n sobre nuestras colecciones cer\u00e1micas, necesitas asesoramiento o te interesa conocer d\u00f3nde puedes adquirir nuestros Pavimentos y Revestimientos. Estaremos encantados de hablar contigo. Life Cer\u00e1mica Life Cer\u00e1mica By Santarela Partida Santa s\/n 12110, Alcora (Castell\u00f3n) \u2014 Espa\u00f1a Escr\u00edbenos un correo electr\u00f3nico o cont\u00e1ctanos directamente&hellip;","protected":false},"author":2,"featured_media":0,"parent":0,"menu_order":0,"comment_status":"closed","ping_status":"closed","template":"","meta":{"_acf_changed":false,"_monsterinsights_skip_tracking":false,"_monsterinsights_sitenote_active":false,"_monsterinsights_sitenote_note":"","_monsterinsights_sitenote_category":0,"_uf_show_specific_survey":0,"_uf_disable_surveys":false,"footnotes":""},"class_list":["post-74","page","type-page","status-publish","hentry"],"acf":[],"yoast_head":"<!-- This site is optimized with the Yoast SEO plugin v27.5 - https:\/\/yoast.com\/product\/yoast-seo-wordpress\/ -->\n<title>Contacto - LIFE CER\u00c1MICA - Azulejos peque\u00f1os cuadrados, hexagonales, rectangulares<\/title>\n<meta name=\"description\" content=\"LIFE CER\u00c1MICA - azulejos peque\u00f1os formato para suelos y paredes. Azulejos cuadrados, rectangulares, hexagonales, escamas. \u00a1Pide presupuesto!\" \/>\n<meta name=\"robots\" content=\"index, follow, max-snippet:-1, max-image-preview:large, max-video-preview:-1\" \/>\n<link rel=\"canonical\" href=\"https:\/\/www.lifeceramica.com\/es_es\/contacto-life-ceramica-azulejos-pequeno-formato\/\" \/>\n<meta property=\"og:locale\" content=\"es_ES\" \/>\n<meta property=\"og:type\" content=\"article\" \/>\n<meta property=\"og:title\" content=\"Contacto - LIFE CER\u00c1MICA - Azulejos peque\u00f1os cuadrados, hexagonales, rectangulares\" \/>\n<meta property=\"og:description\" content=\"LIFE CER\u00c1MICA - azulejos peque\u00f1os formato para suelos y paredes. Azulejos cuadrados, rectangulares, hexagonales, escamas. \u00a1Pide presupuesto!\" \/>\n<meta property=\"og:url\" content=\"https:\/\/www.lifeceramica.com\/es_es\/contacto-life-ceramica-azulejos-pequeno-formato\/\" \/>\n<meta property=\"og:site_name\" content=\"Life Cer\u00e1mica\" \/>\n<meta property=\"article:modified_time\" content=\"2023-08-22T07:29:07+00:00\" \/>\n<meta name=\"twitter:card\" content=\"summary_large_image\" \/>\n<meta name=\"twitter:label1\" content=\"Tiempo de lectura\" \/>\n\t<meta name=\"twitter:data1\" content=\"2 minutos\" \/>\n<script type=\"application\/ld+json\" class=\"yoast-schema-graph\">{\"@context\":\"https:\\\/\\\/schema.org\",\"@graph\":[{\"@type\":\"WebPage\",\"@id\":\"https:\\\/\\\/www.lifeceramica.com\\\/es_es\\\/contacto-life-ceramica-azulejos-pequeno-formato\\\/\",\"url\":\"https:\\\/\\\/www.lifeceramica.com\\\/es_es\\\/contacto-life-ceramica-azulejos-pequeno-formato\\\/\",\"name\":\"Contacto - LIFE CER\u00c1MICA - Azulejos peque\u00f1os cuadrados, hexagonales, rectangulares\",\"isPartOf\":{\"@id\":\"https:\\\/\\\/www.lifeceramica.com\\\/es_es\\\/#website\"},\"datePublished\":\"2018-02-07T13:46:07+00:00\",\"dateModified\":\"2023-08-22T07:29:07+00:00\",\"description\":\"LIFE CER\u00c1MICA - azulejos peque\u00f1os formato para suelos y paredes. Azulejos cuadrados, rectangulares, hexagonales, escamas. \u00a1Pide presupuesto!\",\"breadcrumb\":{\"@id\":\"https:\\\/\\\/www.lifeceramica.com\\\/es_es\\\/contacto-life-ceramica-azulejos-pequeno-formato\\\/#breadcrumb\"},\"inLanguage\":\"es\",\"potentialAction\":[{\"@type\":\"ReadAction\",\"target\":[\"https:\\\/\\\/www.lifeceramica.com\\\/es_es\\\/contacto-life-ceramica-azulejos-pequeno-formato\\\/\"]}]},{\"@type\":\"BreadcrumbList\",\"@id\":\"https:\\\/\\\/www.lifeceramica.com\\\/es_es\\\/contacto-life-ceramica-azulejos-pequeno-formato\\\/#breadcrumb\",\"itemListElement\":[{\"@type\":\"ListItem\",\"position\":1,\"name\":\"Home\",\"item\":\"https:\\\/\\\/www.lifeceramica.com\\\/\"},{\"@type\":\"ListItem\",\"position\":2,\"name\":\"Contacto\"}]},{\"@type\":\"WebSite\",\"@id\":\"https:\\\/\\\/www.lifeceramica.com\\\/es_es\\\/#website\",\"url\":\"https:\\\/\\\/www.lifeceramica.com\\\/es_es\\\/\",\"name\":\"Life Cer\u00e1mica\",\"description\":\"By Santarela, S.L.\",\"potentialAction\":[{\"@type\":\"SearchAction\",\"target\":{\"@type\":\"EntryPoint\",\"urlTemplate\":\"https:\\\/\\\/www.lifeceramica.com\\\/es_es\\\/?s={search_term_string}\"},\"query-input\":{\"@type\":\"PropertyValueSpecification\",\"valueRequired\":true,\"valueName\":\"search_term_string\"}}],\"inLanguage\":\"es\"}]}<\/script>\n<!-- \/ Yoast SEO plugin. -->","yoast_head_json":{"title":"Contacto - LIFE CER\u00c1MICA - Azulejos peque\u00f1os cuadrados, hexagonales, rectangulares","description":"LIFE CER\u00c1MICA - azulejos peque\u00f1os formato para suelos y paredes. Azulejos cuadrados, rectangulares, hexagonales, escamas. \u00a1Pide presupuesto!","robots":{"index":"index","follow":"follow","max-snippet":"max-snippet:-1","max-image-preview":"max-image-preview:large","max-video-preview":"max-video-preview:-1"},"canonical":"https:\/\/www.lifeceramica.com\/es_es\/contacto-life-ceramica-azulejos-pequeno-formato\/","og_locale":"es_ES","og_type":"article","og_title":"Contacto - LIFE CER\u00c1MICA - Azulejos peque\u00f1os cuadrados, hexagonales, rectangulares","og_description":"LIFE CER\u00c1MICA - azulejos peque\u00f1os formato para suelos y paredes. Azulejos cuadrados, rectangulares, hexagonales, escamas. \u00a1Pide presupuesto!","og_url":"https:\/\/www.lifeceramica.com\/es_es\/contacto-life-ceramica-azulejos-pequeno-formato\/","og_site_name":"Life Cer\u00e1mica","article_modified_time":"2023-08-22T07:29:07+00:00","twitter_card":"summary_large_image","twitter_misc":{"Tiempo de lectura":"2 minutos"},"schema":{"@context":"https:\/\/schema.org","@graph":[{"@type":"WebPage","@id":"https:\/\/www.lifeceramica.com\/es_es\/contacto-life-ceramica-azulejos-pequeno-formato\/","url":"https:\/\/www.lifeceramica.com\/es_es\/contacto-life-ceramica-azulejos-pequeno-formato\/","name":"Contacto - LIFE CER\u00c1MICA - Azulejos peque\u00f1os cuadrados, hexagonales, rectangulares","isPartOf":{"@id":"https:\/\/www.lifeceramica.com\/es_es\/#website"},"datePublished":"2018-02-07T13:46:07+00:00","dateModified":"2023-08-22T07:29:07+00:00","description":"LIFE CER\u00c1MICA - azulejos peque\u00f1os formato para suelos y paredes. Azulejos cuadrados, rectangulares, hexagonales, escamas. \u00a1Pide presupuesto!","breadcrumb":{"@id":"https:\/\/www.lifeceramica.com\/es_es\/contacto-life-ceramica-azulejos-pequeno-formato\/#breadcrumb"},"inLanguage":"es","potentialAction":[{"@type":"ReadAction","target":["https:\/\/www.lifeceramica.com\/es_es\/contacto-life-ceramica-azulejos-pequeno-formato\/"]}]},{"@type":"BreadcrumbList","@id":"https:\/\/www.lifeceramica.com\/es_es\/contacto-life-ceramica-azulejos-pequeno-formato\/#breadcrumb","itemListElement":[{"@type":"ListItem","position":1,"name":"Home","item":"https:\/\/www.lifeceramica.com\/"},{"@type":"ListItem","position":2,"name":"Contacto"}]},{"@type":"WebSite","@id":"https:\/\/www.lifeceramica.com\/es_es\/#website","url":"https:\/\/www.lifeceramica.com\/es_es\/","name":"Life Cer\u00e1mica","description":"By Santarela, S.L.","potentialAction":[{"@type":"SearchAction","target":{"@type":"EntryPoint","urlTemplate":"https:\/\/www.lifeceramica.com\/es_es\/?s={search_term_string}"},"query-input":{"@type":"PropertyValueSpecification","valueRequired":true,"valueName":"search_term_string"}}],"inLanguage":"es"}]}},"_links":{"self":[{"href":"https:\/\/www.lifeceramica.com\/es_es\/wp-json\/wp\/v2\/pages\/74","targetHints":{"allow":["GET"]}}],"collection":[{"href":"https:\/\/www.lifeceramica.com\/es_es\/wp-json\/wp\/v2\/pages"}],"about":[{"href":"https:\/\/www.lifeceramica.com\/es_es\/wp-json\/wp\/v2\/types\/page"}],"author":[{"embeddable":true,"href":"https:\/\/www.lifeceramica.com\/es_es\/wp-json\/wp\/v2\/users\/2"}],"replies":[{"embeddable":true,"href":"https:\/\/www.lifeceramica.com\/es_es\/wp-json\/wp\/v2\/comments?post=74"}],"version-history":[{"count":33,"href":"https:\/\/www.lifeceramica.com\/es_es\/wp-json\/wp\/v2\/pages\/74\/revisions"}],"predecessor-version":[{"id":9584,"href":"https:\/\/www.lifeceramica.com\/es_es\/wp-json\/wp\/v2\/pages\/74\/revisions\/9584"}],"wp:attachment":[{"href":"https:\/\/www.lifeceramica.com\/es_es\/wp-json\/wp\/v2\/media?parent=74"}],"curies":[{"name":"wp","href":"https:\/\/api.w.org\/{rel}","templated":true}]}}